{"id":112,"date":"2022-07-28T22:13:15","date_gmt":"2022-07-28T22:13:15","guid":{"rendered":"http:\/\/www.uodi.stronazen.pl\/?page_id=112"},"modified":"2022-07-28T22:13:16","modified_gmt":"2022-07-28T22:13:16","slug":"seminarium-19-04-21","status":"publish","type":"page","link":"https:\/\/www.uodi.stronazen.pl\/index.php\/seminarium-19-04-21\/","title":{"rendered":"Seminarium 19.04.21"},"content":{"rendered":"\n<p>19 kwietnia 2021 odby\u0142o si\u0119 seminarium naukowe pt. &#8222;Monitorowanie proces\u00f3w deinstytucjonalizacji. Przegl\u0105d zagadnie\u0144 badawczych&#8221;<\/p>\n\n\n\n<div class=\"wp-block-file\"><object class=\"wp-block-file__embed\" data=\"http:\/\/www.uodi.stronazen.pl\/wp-content\/uploads\/2022\/07\/Program-Seminarium-IDUB-19-04-2021_grafika.pdf\" type=\"application\/pdf\" style=\"width:100%;height:600px\" aria-label=\"Osadzone z Program-Seminarium-IDUB-19-04-2021_grafika.\"><\/object><a id=\"wp-block-file--media-aec9ee56-a716-4997-be60-bf0b299728ae\" href=\"http:\/\/www.uodi.stronazen.pl\/wp-content\/uploads\/2022\/07\/Program-Seminarium-IDUB-19-04-2021_grafika.pdf\">Program-Seminarium-IDUB-19-04-2021_grafika<\/a><a href=\"http:\/\/www.uodi.stronazen.pl\/wp-content\/uploads\/2022\/07\/Program-Seminarium-IDUB-19-04-2021_grafika.pdf\" class=\"wp-block-file__button\" download aria-describedby=\"wp-block-file--media-aec9ee56-a716-4997-be60-bf0b299728ae\">Pobierz<\/a><\/div>\n","protected":false},"excerpt":{"rendered":"<p>19 kwietnia 2021 odby\u0142o si\u0119 seminarium naukowe pt. &#8222;Monitorowanie proces\u00f3w deinstytucjonalizacji. Przegl\u0105d zagadnie\u0144 badawczych&#8221;<\/p>\n","protected":false},"author":1,"featured_media":0,"parent":0,"menu_order":0,"comment_status":"closed","ping_status":"closed","template":"","meta":[],"_links":{"self":[{"href":"https:\/\/www.uodi.stronazen.pl\/index.php\/wp-json\/wp\/v2\/pages\/112"}],"collection":[{"href":"https:\/\/www.uodi.stronazen.pl\/index.php\/wp-json\/wp\/v2\/pages"}],"about":[{"href":"https:\/\/www.uodi.stronazen.pl\/index.php\/wp-json\/wp\/v2\/types\/page"}],"author":[{"embeddable":true,"href":"https:\/\/www.uodi.stronazen.pl\/index.php\/wp-json\/wp\/v2\/users\/1"}],"replies":[{"embeddable":true,"href":"https:\/\/www.uodi.stronazen.pl\/index.php\/wp-json\/wp\/v2\/comments?post=112"}],"version-history":[{"count":1,"href":"https:\/\/www.uodi.stronazen.pl\/index.php\/wp-json\/wp\/v2\/pages\/112\/revisions"}],"predecessor-version":[{"id":114,"href":"https:\/\/www.uodi.stronazen.pl\/index.php\/wp-json\/wp\/v2\/pages\/112\/revisions\/114"}],"wp:attachment":[{"href":"https:\/\/www.uodi.stronazen.pl\/index.php\/wp-json\/wp\/v2\/media?parent=112"}],"curies":[{"name":"wp","href":"https:\/\/api.w.org\/{rel}","templated":true}]}}