{"id":14,"date":"2022-07-13T20:37:20","date_gmt":"2022-07-13T20:37:20","guid":{"rendered":"http:\/\/www.uodi.stronazen.pl\/?page_id=14"},"modified":"2022-07-13T20:37:20","modified_gmt":"2022-07-13T20:37:20","slug":"czym-jest-uodi","status":"publish","type":"page","link":"https:\/\/www.uodi.stronazen.pl\/index.php\/czym-jest-uodi\/","title":{"rendered":"Czym jest UODI?"},"content":{"rendered":"\n<p>Monitoring proces\u00f3w deinstytucjonalizacji szeroko rozumianych profesjonalnych praktyk pomocowych prowadzony w formule Uniwersyteckiego Obserwatorium Deinstytucjonalizacji Praktyk Pomocowych (UODI) to wieloletnie przedsi\u0119wzi\u0119cie badawczo-analityczne zaplanowane na lata 2022-2027. Deinstytucjonalizacja to nowa idea w politykach publicznych, maj\u0105ca siln\u0105 legitymacj\u0119 w Unii Europejskiej: pa\u0144stwa cz\u0142onkowskie UE w latach 2021-2027 wdra\u017caj\u0105 krajowe strategie deinstytucjonalizacji us\u0142ug spo\u0142ecznych. W Polsce dokumentem programuj\u0105cym dzia\u0142ania wdro\u017ceniowe b\u0119dzie \u201eStrategia rozwoju us\u0142ug spo\u0142ecznych\u201d; aktualnie znajduje si\u0119 ona w procesie konsultacji spo\u0142ecznych, a jej wdra\u017canie rozpocznie si\u0119 w 2022 roku. Zaplanowany w ramach Obserwatorium analityczno-badawczy monitoring proces\u00f3w deinstytucjonalizacji obejmie siedem obszar\u00f3w profesjonalnych praktyk pomocowych, jakimi s\u0105: <\/p>\n\n\n\n<ol><li>niepe\u0142nosprawno\u015b\u0107<\/li><li>programy senioralne,<\/li><li>bezdomno\u015b\u0107,<\/li><li>zdrowie psychiczne,<\/li><li>piecza zast\u0119pcza,<\/li><li>uzale\u017cnienia,<\/li><li>wsparcie dla migrant\u00f3w.<\/li><\/ol>\n","protected":false},"excerpt":{"rendered":"<p>Monitoring proces\u00f3w deinstytucjonalizacji szeroko rozumianych profesjonalnych praktyk pomocowych prowadzony w formule Uniwersyteckiego Obserwatorium Deinstytucjonalizacji Praktyk Pomocowych (UODI) to wieloletnie przedsi\u0119wzi\u0119cie badawczo-analityczne zaplanowane na lata 2022-2027. Deinstytucjonalizacja to nowa idea w politykach publicznych, maj\u0105ca siln\u0105 legitymacj\u0119 w Unii Europejskiej: pa\u0144stwa cz\u0142onkowskie UE w latach 2021-2027 wdra\u017caj\u0105 krajowe strategie deinstytucjonalizacji us\u0142ug spo\u0142ecznych. W Polsce dokumentem programuj\u0105cym dzia\u0142ania &#8230; <a title=\"Czym jest UODI?\" class=\"read-more\" href=\"https:\/\/www.uodi.stronazen.pl\/index.php\/czym-jest-uodi\/\" aria-label=\"More on Czym jest UODI?\">Czytaj dalej<\/a><\/p>\n","protected":false},"author":1,"featured_media":0,"parent":0,"menu_order":0,"comment_status":"closed","ping_status":"closed","template":"","meta":[],"_links":{"self":[{"href":"https:\/\/www.uodi.stronazen.pl\/index.php\/wp-json\/wp\/v2\/pages\/14"}],"collection":[{"href":"https:\/\/www.uodi.stronazen.pl\/index.php\/wp-json\/wp\/v2\/pages"}],"about":[{"href":"https:\/\/www.uodi.stronazen.pl\/index.php\/wp-json\/wp\/v2\/types\/page"}],"author":[{"embeddable":true,"href":"https:\/\/www.uodi.stronazen.pl\/index.php\/wp-json\/wp\/v2\/users\/1"}],"replies":[{"embeddable":true,"href":"https:\/\/www.uodi.stronazen.pl\/index.php\/wp-json\/wp\/v2\/comments?post=14"}],"version-history":[{"count":1,"href":"https:\/\/www.uodi.stronazen.pl\/index.php\/wp-json\/wp\/v2\/pages\/14\/revisions"}],"predecessor-version":[{"id":15,"href":"https:\/\/www.uodi.stronazen.pl\/index.php\/wp-json\/wp\/v2\/pages\/14\/revisions\/15"}],"wp:attachment":[{"href":"https:\/\/www.uodi.stronazen.pl\/index.php\/wp-json\/wp\/v2\/media?parent=14"}],"curies":[{"name":"wp","href":"https:\/\/api.w.org\/{rel}","templated":true}]}}