{"id":16,"date":"2022-07-13T20:40:59","date_gmt":"2022-07-13T20:40:59","guid":{"rendered":"http:\/\/www.uodi.stronazen.pl\/?page_id=16"},"modified":"2022-07-13T20:40:59","modified_gmt":"2022-07-13T20:40:59","slug":"czym-sa-wdrazane-w-europie-polityki-deinstytucjonalizacji","status":"publish","type":"page","link":"https:\/\/www.uodi.stronazen.pl\/index.php\/czym-sa-wdrazane-w-europie-polityki-deinstytucjonalizacji\/","title":{"rendered":"Czym s\u0105 wdra\u017cane w Europie polityki deinstytucjonalizacji?"},"content":{"rendered":"\n<p>Deinstytucjonalizacja to odchodzenie od pomocy opartej na rozwi\u0105zaniach zak\u0142adowych (plac\u00f3wkach ca\u0142odobowego pobytu) na rzecz wsparcia \u015brodowiskowego przy wykorzystaniu us\u0142ug spo\u0142ecznych, tak aby umo\u017cliwi\u0107 osobom niesamodzielnym pozostawanie w swoich domach, rodzinach i \u015brodowiskach. Dzienne formy plac\u00f3wkowe maj\u0105 w my\u015bl tej konceocji funkcjonowa\u0107 w spos\u00f3b otwarty i odbiurokratyzowany i wkomponowywa\u0107 si\u0119 w \u015brodowiska \u017cycia ludzi (a nie od nich oddziela\u0107 czy je zast\u0119powa\u0107). Badania dostarczaj\u0105 licznych dowod\u00f3w, \u017ce rozwi\u0105zania \u015brodowiskowe trafniej odpowiadaj\u0105 na potrzeby ludzi i s\u0105 bardziej efektywne. Rozwi\u0105zania zak\u0142adowe maj\u0105 nieusuwalne skutki uboczne w postaci (1) izolacji spo\u0142ecznej pensjonariuszy, powi\u0105zanej z (2) utraty kontroli nad \u017cyciem i (3) biurokratyzacji pomocy.<\/p>\n\n\n\n<p>W aspekcie normatywnym deinstytucjonalizacja s\u0142u\u017cy\u0107 ma inkluzji spo\u0142ecznej os\u00f3b niesamodzielnych, ich upodmiotowieniu (empowerment) i zagwarantowaniu prawa do samostanowienia. Jako taka wpisuje si\u0119 ona w wy\u0142aniaj\u0105c\u0105 si\u0119 now\u0105 pro-ekologiczn\u0105 wizj\u0119 \u0142adu zbiorowego (tzw. Zielony \u0141ad), kt\u00f3rego komponent spo\u0142eczny ukierunkowany jest na popraw\u0119 og\u00f3lnego dobrostanu spo\u0142ecznego, ze szczeg\u00f3lnym uzgl\u0119dnieniem jako\u015bciowych aspekt\u00f3w \u017cycia i dba\u0142o\u015b\u0107 o sytuacj\u0119 os\u00f3b niesamodzielnych. Tym samym deinstytucjonalizacja to element szerszych przeobra\u017ce\u0144 europejskich pa\u0144stw dobrobytu (welfare states) i przejaw reorganizacji \u0142adu zbiorowego.<\/p>\n","protected":false},"excerpt":{"rendered":"<p>Deinstytucjonalizacja to odchodzenie od pomocy opartej na rozwi\u0105zaniach zak\u0142adowych (plac\u00f3wkach ca\u0142odobowego pobytu) na rzecz wsparcia \u015brodowiskowego przy wykorzystaniu us\u0142ug spo\u0142ecznych, tak aby umo\u017cliwi\u0107 osobom niesamodzielnym pozostawanie w swoich domach, rodzinach i \u015brodowiskach. Dzienne formy plac\u00f3wkowe maj\u0105 w my\u015bl tej konceocji funkcjonowa\u0107 w spos\u00f3b otwarty i odbiurokratyzowany i wkomponowywa\u0107 si\u0119 w \u015brodowiska \u017cycia ludzi (a nie &#8230; <a title=\"Czym s\u0105 wdra\u017cane w Europie polityki deinstytucjonalizacji?\" class=\"read-more\" href=\"https:\/\/www.uodi.stronazen.pl\/index.php\/czym-sa-wdrazane-w-europie-polityki-deinstytucjonalizacji\/\" aria-label=\"More on Czym s\u0105 wdra\u017cane w Europie polityki deinstytucjonalizacji?\">Czytaj dalej<\/a><\/p>\n","protected":false},"author":1,"featured_media":0,"parent":0,"menu_order":0,"comment_status":"closed","ping_status":"closed","template":"","meta":[],"_links":{"self":[{"href":"https:\/\/www.uodi.stronazen.pl\/index.php\/wp-json\/wp\/v2\/pages\/16"}],"collection":[{"href":"https:\/\/www.uodi.stronazen.pl\/index.php\/wp-json\/wp\/v2\/pages"}],"about":[{"href":"https:\/\/www.uodi.stronazen.pl\/index.php\/wp-json\/wp\/v2\/types\/page"}],"author":[{"embeddable":true,"href":"https:\/\/www.uodi.stronazen.pl\/index.php\/wp-json\/wp\/v2\/users\/1"}],"replies":[{"embeddable":true,"href":"https:\/\/www.uodi.stronazen.pl\/index.php\/wp-json\/wp\/v2\/comments?post=16"}],"version-history":[{"count":1,"href":"https:\/\/www.uodi.stronazen.pl\/index.php\/wp-json\/wp\/v2\/pages\/16\/revisions"}],"predecessor-version":[{"id":17,"href":"https:\/\/www.uodi.stronazen.pl\/index.php\/wp-json\/wp\/v2\/pages\/16\/revisions\/17"}],"wp:attachment":[{"href":"https:\/\/www.uodi.stronazen.pl\/index.php\/wp-json\/wp\/v2\/media?parent=16"}],"curies":[{"name":"wp","href":"https:\/\/api.w.org\/{rel}","templated":true}]}}