{"id":2,"date":"2022-06-28T22:41:57","date_gmt":"2022-06-28T22:41:57","guid":{"rendered":"http:\/\/www.uodi.stronazen.pl\/?page_id=2"},"modified":"2022-07-27T21:08:18","modified_gmt":"2022-07-27T21:08:18","slug":"sample-page","status":"publish","type":"page","link":"https:\/\/www.uodi.stronazen.pl\/","title":{"rendered":"Witamy na stronie UODI"},"content":{"rendered":"\n<div class=\"wp-block-cover\"><span aria-hidden=\"true\" class=\"wp-block-cover__background has-background-dim\"><\/span><img loading=\"lazy\" width=\"1920\" height=\"1446\" class=\"wp-block-cover__image-background wp-image-89\" alt=\"\" src=\"http:\/\/www.uodi.stronazen.pl\/wp-content\/uploads\/2022\/07\/window-g0f5b36c45_1920.jpg\" style=\"object-position:23% 53%\" data-object-fit=\"cover\" data-object-position=\"23% 53%\" srcset=\"https:\/\/www.uodi.stronazen.pl\/wp-content\/uploads\/2022\/07\/window-g0f5b36c45_1920.jpg 1920w, https:\/\/www.uodi.stronazen.pl\/wp-content\/uploads\/2022\/07\/window-g0f5b36c45_1920-300x226.jpg 300w, https:\/\/www.uodi.stronazen.pl\/wp-content\/uploads\/2022\/07\/window-g0f5b36c45_1920-1024x771.jpg 1024w, https:\/\/www.uodi.stronazen.pl\/wp-content\/uploads\/2022\/07\/window-g0f5b36c45_1920-768x578.jpg 768w, https:\/\/www.uodi.stronazen.pl\/wp-content\/uploads\/2022\/07\/window-g0f5b36c45_1920-1536x1157.jpg 1536w\" sizes=\"(max-width: 1920px) 100vw, 1920px\" \/><div class=\"wp-block-cover__inner-container\">\n<p class=\"has-text-align-right has-base-3-color has-text-color has-large-font-size\">Uniwersyteckie Obserwatorium Deinstytucjonalizacji Praktyk Pomocowych (UODI)<\/p>\n<\/div><\/div>\n\n\n\n<p>UODI to interdyscyplinarna grupa badawcza stworzona na Uniwersytecie Warszawskim w 2021 r. przez naukowc\u00f3w z Wydzia\u0142u Stosowanych Nauk Spo\u0142ecznych i Resocjalizacji UW, Centrum Europejskiego UW oraz Instytutu Studi\u00f3w Spo\u0142ecznych im. Profesora Roberta Zajonca UW.<br>Grupa ma za zadanie przygotowywanie analiz i badanie proces\u00f3w deinstytucjonalizacji praktyk pomocowych, rozwijania \u015brodowiskowych form wsparcia, w tym metodyki pracy \u015brodowiskowej oraz upowszechniania wiedzy w tym zakresie.<\/p>\n","protected":false},"excerpt":{"rendered":"<p>UODI to interdyscyplinarna grupa badawcza stworzona na Uniwersytecie Warszawskim w 2021 r. przez naukowc\u00f3w z Wydzia\u0142u Stosowanych Nauk Spo\u0142ecznych i Resocjalizacji UW, Centrum Europejskiego UW oraz Instytutu Studi\u00f3w Spo\u0142ecznych im. Profesora Roberta Zajonca UW.Grupa ma za zadanie przygotowywanie analiz i badanie proces\u00f3w deinstytucjonalizacji praktyk pomocowych, rozwijania \u015brodowiskowych form wsparcia, w tym metodyki pracy \u015brodowiskowej oraz &#8230; <a title=\"Witamy na stronie UODI\" class=\"read-more\" href=\"https:\/\/www.uodi.stronazen.pl\/\" aria-label=\"More on Witamy na stronie UODI\">Czytaj dalej<\/a><\/p>\n","protected":false},"author":1,"featured_media":0,"parent":0,"menu_order":0,"comment_status":"closed","ping_status":"open","template":"","meta":[],"_links":{"self":[{"href":"https:\/\/www.uodi.stronazen.pl\/index.php\/wp-json\/wp\/v2\/pages\/2"}],"collection":[{"href":"https:\/\/www.uodi.stronazen.pl\/index.php\/wp-json\/wp\/v2\/pages"}],"about":[{"href":"https:\/\/www.uodi.stronazen.pl\/index.php\/wp-json\/wp\/v2\/types\/page"}],"author":[{"embeddable":true,"href":"https:\/\/www.uodi.stronazen.pl\/index.php\/wp-json\/wp\/v2\/users\/1"}],"replies":[{"embeddable":true,"href":"https:\/\/www.uodi.stronazen.pl\/index.php\/wp-json\/wp\/v2\/comments?post=2"}],"version-history":[{"count":5,"href":"https:\/\/www.uodi.stronazen.pl\/index.php\/wp-json\/wp\/v2\/pages\/2\/revisions"}],"predecessor-version":[{"id":97,"href":"https:\/\/www.uodi.stronazen.pl\/index.php\/wp-json\/wp\/v2\/pages\/2\/revisions\/97"}],"wp:attachment":[{"href":"https:\/\/www.uodi.stronazen.pl\/index.php\/wp-json\/wp\/v2\/media?parent=2"}],"curies":[{"name":"wp","href":"https:\/\/api.w.org\/{rel}","templated":true}]}}