{"id":25,"date":"2022-07-13T20:54:41","date_gmt":"2022-07-13T20:54:41","guid":{"rendered":"http:\/\/www.uodi.stronazen.pl\/?page_id=25"},"modified":"2022-07-13T20:54:42","modified_gmt":"2022-07-13T20:54:42","slug":"partnerzy","status":"publish","type":"page","link":"https:\/\/www.uodi.stronazen.pl\/index.php\/partnerzy\/","title":{"rendered":"Partnerzy"},"content":{"rendered":"\n<p>Uniwersyteckie Obserwatorium Deinstytucjonalizacji Praktyk Pomocowych (UODI) to wsp\u00f3lne przedsi\u0119wzi\u0119cie trzech jednostek uniwersyteckich:<\/p>\n\n\n\n<ul><li><a href=\"http:\/\/www.wsnsir.uw.edu.pl\/\" data-type=\"URL\" data-id=\"http:\/\/www.wsnsir.uw.edu.pl\/\">Wydzia\u0142 Stosowanych Nauk Spo\u0142ecznych i Resocjalizacji UW<\/a> (WSNSiR UW, lider Partnerstwa)<\/li><li><a href=\"https:\/\/www.ce.uw.edu.pl\/\" data-type=\"URL\" data-id=\"https:\/\/www.ce.uw.edu.pl\/\">Centrum Europejskie UW<\/a> (CE UW)<\/li><li><a href=\"https:\/\/www.ce.uw.edu.pl\/\" data-type=\"URL\" data-id=\"https:\/\/www.ce.uw.edu.pl\/\">Instytut Studi\u00f3w Spo\u0142ecznych im. Profesora Roberta Zajonca UW<\/a> (ISS UW)<\/li><\/ul>\n\n\n\n<p>Przedsi\u0119wzi\u0119cie polega\u0107 b\u0119dzie na prowadzeniu w latach 2022-2027 analityczno-badawczego monitoringu proces\u00f3w deinstytucjonalizacji profesjonalnych praktyk pomocowych na podstawie porozumienia zawartego mi\u0119dzy trzema jednostkami UW, przy czym docelowo UODI jest otwarte na wsp\u00f3\u0142prac\u0119 tak\u017ce z zainteresowanymi badaczami z innych jednostek uniwersyteckich oraz spoza Uczelni.<\/p>\n","protected":false},"excerpt":{"rendered":"<p>Uniwersyteckie Obserwatorium Deinstytucjonalizacji Praktyk Pomocowych (UODI) to wsp\u00f3lne przedsi\u0119wzi\u0119cie trzech jednostek uniwersyteckich: Wydzia\u0142 Stosowanych Nauk Spo\u0142ecznych i Resocjalizacji UW (WSNSiR UW, lider Partnerstwa) Centrum Europejskie UW (CE UW) Instytut Studi\u00f3w Spo\u0142ecznych im. Profesora Roberta Zajonca UW (ISS UW) Przedsi\u0119wzi\u0119cie polega\u0107 b\u0119dzie na prowadzeniu w latach 2022-2027 analityczno-badawczego monitoringu proces\u00f3w deinstytucjonalizacji profesjonalnych praktyk pomocowych na podstawie &#8230; <a title=\"Partnerzy\" class=\"read-more\" href=\"https:\/\/www.uodi.stronazen.pl\/index.php\/partnerzy\/\" aria-label=\"More on Partnerzy\">Czytaj dalej<\/a><\/p>\n","protected":false},"author":1,"featured_media":0,"parent":0,"menu_order":0,"comment_status":"closed","ping_status":"closed","template":"","meta":[],"_links":{"self":[{"href":"https:\/\/www.uodi.stronazen.pl\/index.php\/wp-json\/wp\/v2\/pages\/25"}],"collection":[{"href":"https:\/\/www.uodi.stronazen.pl\/index.php\/wp-json\/wp\/v2\/pages"}],"about":[{"href":"https:\/\/www.uodi.stronazen.pl\/index.php\/wp-json\/wp\/v2\/types\/page"}],"author":[{"embeddable":true,"href":"https:\/\/www.uodi.stronazen.pl\/index.php\/wp-json\/wp\/v2\/users\/1"}],"replies":[{"embeddable":true,"href":"https:\/\/www.uodi.stronazen.pl\/index.php\/wp-json\/wp\/v2\/comments?post=25"}],"version-history":[{"count":1,"href":"https:\/\/www.uodi.stronazen.pl\/index.php\/wp-json\/wp\/v2\/pages\/25\/revisions"}],"predecessor-version":[{"id":26,"href":"https:\/\/www.uodi.stronazen.pl\/index.php\/wp-json\/wp\/v2\/pages\/25\/revisions\/26"}],"wp:attachment":[{"href":"https:\/\/www.uodi.stronazen.pl\/index.php\/wp-json\/wp\/v2\/media?parent=25"}],"curies":[{"name":"wp","href":"https:\/\/api.w.org\/{rel}","templated":true}]}}