{"id":34,"date":"2022-07-13T21:23:14","date_gmt":"2022-07-13T21:23:14","guid":{"rendered":"http:\/\/www.uodi.stronazen.pl\/?page_id=34"},"modified":"2022-07-13T21:23:14","modified_gmt":"2022-07-13T21:23:14","slug":"zespol-badawczy","status":"publish","type":"page","link":"https:\/\/www.uodi.stronazen.pl\/index.php\/zespol-badawczy\/","title":{"rendered":"Zesp\u00f3\u0142 badawczy"},"content":{"rendered":"\n<p>Grupa inicjatywna:<\/p>\n\n\n\n<ul><li>Dr Anna Domaradzka-Wid\u0142a, ISS UW<\/li><li>Prof. dr hab. Krzysztof Jasiecki, CE UW<\/li><li>Dr Karolina Lignar-Paczocha, WSNSiR UW<\/li><li>Dr Magdalena Roszczy\u0144ska-Kurasi\u0144ska, ISS UW<\/li><li>Dr hab. Marek Rymsza, WSNSiR UW \u2013 kierownik UODI<\/li><li>Dr hab. Bohdan Skrzypczak, WSNSiR UW<\/li><li>Dr Szymon W\u00f3jcik, WSNSiR UW \u2013 Sekretarz UODI<\/li><li>Dr hab. Kamil Zaj\u0105czkowski, CE UW<\/li><\/ul>\n\n\n\n<p>Grupa badawcza WSNiR UW<\/p>\n\n\n\n<ul><li>Dr hab. prof. ucz. Mariola Bie\u0144ko<\/li><li>Dr Mateusz Glinowiecki<\/li><li>Dr Izabela Grabowska<\/li><li>Dr hab. Mariola Rac\u0142aw<\/li><li>Dr hab. Ewa Stachowska<\/li><li>Dr hab. Beata Hoffmann<\/li><\/ul>\n","protected":false},"excerpt":{"rendered":"<p>Grupa inicjatywna: Dr Anna Domaradzka-Wid\u0142a, ISS UW Prof. dr hab. Krzysztof Jasiecki, CE UW Dr Karolina Lignar-Paczocha, WSNSiR UW Dr Magdalena Roszczy\u0144ska-Kurasi\u0144ska, ISS UW Dr hab. Marek Rymsza, WSNSiR UW \u2013 kierownik UODI Dr hab. Bohdan Skrzypczak, WSNSiR UW Dr Szymon W\u00f3jcik, WSNSiR UW \u2013 Sekretarz UODI Dr hab. Kamil Zaj\u0105czkowski, CE UW Grupa badawcza &#8230; <a title=\"Zesp\u00f3\u0142 badawczy\" class=\"read-more\" href=\"https:\/\/www.uodi.stronazen.pl\/index.php\/zespol-badawczy\/\" aria-label=\"More on Zesp\u00f3\u0142 badawczy\">Czytaj dalej<\/a><\/p>\n","protected":false},"author":1,"featured_media":0,"parent":0,"menu_order":0,"comment_status":"closed","ping_status":"closed","template":"","meta":[],"_links":{"self":[{"href":"https:\/\/www.uodi.stronazen.pl\/index.php\/wp-json\/wp\/v2\/pages\/34"}],"collection":[{"href":"https:\/\/www.uodi.stronazen.pl\/index.php\/wp-json\/wp\/v2\/pages"}],"about":[{"href":"https:\/\/www.uodi.stronazen.pl\/index.php\/wp-json\/wp\/v2\/types\/page"}],"author":[{"embeddable":true,"href":"https:\/\/www.uodi.stronazen.pl\/index.php\/wp-json\/wp\/v2\/users\/1"}],"replies":[{"embeddable":true,"href":"https:\/\/www.uodi.stronazen.pl\/index.php\/wp-json\/wp\/v2\/comments?post=34"}],"version-history":[{"count":1,"href":"https:\/\/www.uodi.stronazen.pl\/index.php\/wp-json\/wp\/v2\/pages\/34\/revisions"}],"predecessor-version":[{"id":35,"href":"https:\/\/www.uodi.stronazen.pl\/index.php\/wp-json\/wp\/v2\/pages\/34\/revisions\/35"}],"wp:attachment":[{"href":"https:\/\/www.uodi.stronazen.pl\/index.php\/wp-json\/wp\/v2\/media?parent=34"}],"curies":[{"name":"wp","href":"https:\/\/api.w.org\/{rel}","templated":true}]}}