{"id":36,"date":"2022-07-13T21:27:00","date_gmt":"2022-07-13T21:27:00","guid":{"rendered":"http:\/\/www.uodi.stronazen.pl\/?page_id=36"},"modified":"2022-07-13T21:27:01","modified_gmt":"2022-07-13T21:27:01","slug":"raport-otwarcia","status":"publish","type":"page","link":"https:\/\/www.uodi.stronazen.pl\/index.php\/raport-otwarcia\/","title":{"rendered":"Raport otwarcia"},"content":{"rendered":"\n<p><strong>Raport Otwarcia <\/strong>zostanie przygotowany na podstawie ekspertyz analizuj\u0105cych procesy deinstytucjonalizacji praktyk pomocowych w siedmiu podstawowych obszarach. Raport uwzgl\u0119dnia\u0107 b\u0119dzie ponadto, rozdzia\u0142 o wdra\u017caniu strategii deinstytucjonalizacji w Unii Europejskiej, rozdzia\u0142 o potencjale solidarno\u015bci s\u0105siedzkiej w dobie cyfryzacji oraz rozdzia\u0142 o znaczeniu kapita\u0142u solidarno\u015bci dla deinstytucjonalizacji praktyk pomocowych.<br><strong>Planowna data publikacji: <\/strong>Listopad 2022.<\/p>\n","protected":false},"excerpt":{"rendered":"<p>Raport Otwarcia zostanie przygotowany na podstawie ekspertyz analizuj\u0105cych procesy deinstytucjonalizacji praktyk pomocowych w siedmiu podstawowych obszarach. Raport uwzgl\u0119dnia\u0107 b\u0119dzie ponadto, rozdzia\u0142 o wdra\u017caniu strategii deinstytucjonalizacji w Unii Europejskiej, rozdzia\u0142 o potencjale solidarno\u015bci s\u0105siedzkiej w dobie cyfryzacji oraz rozdzia\u0142 o znaczeniu kapita\u0142u solidarno\u015bci dla deinstytucjonalizacji praktyk pomocowych.Planowna data publikacji: Listopad 2022.<\/p>\n","protected":false},"author":1,"featured_media":0,"parent":0,"menu_order":0,"comment_status":"closed","ping_status":"closed","template":"","meta":[],"_links":{"self":[{"href":"https:\/\/www.uodi.stronazen.pl\/index.php\/wp-json\/wp\/v2\/pages\/36"}],"collection":[{"href":"https:\/\/www.uodi.stronazen.pl\/index.php\/wp-json\/wp\/v2\/pages"}],"about":[{"href":"https:\/\/www.uodi.stronazen.pl\/index.php\/wp-json\/wp\/v2\/types\/page"}],"author":[{"embeddable":true,"href":"https:\/\/www.uodi.stronazen.pl\/index.php\/wp-json\/wp\/v2\/users\/1"}],"replies":[{"embeddable":true,"href":"https:\/\/www.uodi.stronazen.pl\/index.php\/wp-json\/wp\/v2\/comments?post=36"}],"version-history":[{"count":1,"href":"https:\/\/www.uodi.stronazen.pl\/index.php\/wp-json\/wp\/v2\/pages\/36\/revisions"}],"predecessor-version":[{"id":37,"href":"https:\/\/www.uodi.stronazen.pl\/index.php\/wp-json\/wp\/v2\/pages\/36\/revisions\/37"}],"wp:attachment":[{"href":"https:\/\/www.uodi.stronazen.pl\/index.php\/wp-json\/wp\/v2\/media?parent=36"}],"curies":[{"name":"wp","href":"https:\/\/api.w.org\/{rel}","templated":true}]}}