{"id":43,"date":"2022-07-19T21:00:10","date_gmt":"2022-07-19T21:00:10","guid":{"rendered":"http:\/\/www.uodi.stronazen.pl\/?page_id=43"},"modified":"2022-07-19T21:00:11","modified_gmt":"2022-07-19T21:00:11","slug":"publikacje","status":"publish","type":"page","link":"https:\/\/www.uodi.stronazen.pl\/index.php\/publikacje\/","title":{"rendered":"Publikacje"},"content":{"rendered":"\n<p>Tutaj dost\u0119pne b\u0119d\u0105 publikacje tworzone i wsp\u00f3\u0142tworzone w ramach UODI<\/p>\n","protected":false},"excerpt":{"rendered":"<p>Tutaj dost\u0119pne b\u0119d\u0105 publikacje tworzone i wsp\u00f3\u0142tworzone w ramach UODI<\/p>\n","protected":false},"author":1,"featured_media":0,"parent":0,"menu_order":0,"comment_status":"closed","ping_status":"closed","template":"","meta":[],"_links":{"self":[{"href":"https:\/\/www.uodi.stronazen.pl\/index.php\/wp-json\/wp\/v2\/pages\/43"}],"collection":[{"href":"https:\/\/www.uodi.stronazen.pl\/index.php\/wp-json\/wp\/v2\/pages"}],"about":[{"href":"https:\/\/www.uodi.stronazen.pl\/index.php\/wp-json\/wp\/v2\/types\/page"}],"author":[{"embeddable":true,"href":"https:\/\/www.uodi.stronazen.pl\/index.php\/wp-json\/wp\/v2\/users\/1"}],"replies":[{"embeddable":true,"href":"https:\/\/www.uodi.stronazen.pl\/index.php\/wp-json\/wp\/v2\/comments?post=43"}],"version-history":[{"count":1,"href":"https:\/\/www.uodi.stronazen.pl\/index.php\/wp-json\/wp\/v2\/pages\/43\/revisions"}],"predecessor-version":[{"id":44,"href":"https:\/\/www.uodi.stronazen.pl\/index.php\/wp-json\/wp\/v2\/pages\/43\/revisions\/44"}],"wp:attachment":[{"href":"https:\/\/www.uodi.stronazen.pl\/index.php\/wp-json\/wp\/v2\/media?parent=43"}],"curies":[{"name":"wp","href":"https:\/\/api.w.org\/{rel}","templated":true}]}}