{"id":49,"date":"2022-07-19T21:02:38","date_gmt":"2022-07-19T21:02:38","guid":{"rendered":"http:\/\/www.uodi.stronazen.pl\/?page_id=49"},"modified":"2022-07-28T22:10:47","modified_gmt":"2022-07-28T22:10:47","slug":"konferencja-2022","status":"publish","type":"page","link":"https:\/\/www.uodi.stronazen.pl\/index.php\/konferencja-2022\/","title":{"rendered":"Konferencja 2022"},"content":{"rendered":"\n<p>Konferencja odb\u0119dzie si\u0119 w dniach 29-30 listopada 2022 r. i b\u0119dzie mia\u0142a charakter hybrydowy.<\/p>\n\n\n\n<p>29.11.2022 odb\u0119d\u0105 si\u0119 sesje plenarne online<\/p>\n\n\n\n<p>30.11.2022 planowane s\u0105 sesje warsztatowe stacjonarnie w Bibliotece Uniwersytetu Warszawskiego<\/p>\n\n\n<div class=\"wpforms-container wpforms-container-full\" id=\"wpforms-107\"><form id=\"wpforms-form-107\" class=\"wpforms-validate wpforms-form wpforms-ajax-form\" data-formid=\"107\" method=\"post\" enctype=\"multipart\/form-data\" action=\"\/index.php\/wp-json\/wp\/v2\/pages\/49\" data-token=\"7d40e52278b3e27b85e7ef42cb16b2de\"><noscript class=\"wpforms-error-noscript\">Please enable JavaScript in your browser to complete this form.<\/noscript><div class=\"wpforms-field-container\"><div id=\"wpforms-107-field_1-container\" class=\"wpforms-field wpforms-field-name\" data-field-id=\"1\"><label class=\"wpforms-field-label\" for=\"wpforms-107-field_1\">Imi\u0119 i nazwisko <span class=\"wpforms-required-label\">*<\/span><\/label><input type=\"text\" id=\"wpforms-107-field_1\" class=\"wpforms-field-medium wpforms-field-required\" name=\"wpforms[fields][1]\" required><\/div><div id=\"wpforms-107-field_9-container\" class=\"wpforms-field wpforms-field-text\" data-field-id=\"9\"><label class=\"wpforms-field-label\" for=\"wpforms-107-field_9\">Afiliacja \/ instytucja<\/label><input type=\"text\" id=\"wpforms-107-field_9\" class=\"wpforms-field-medium\" name=\"wpforms[fields][9]\" ><\/div><div id=\"wpforms-107-field_2-container\" class=\"wpforms-field wpforms-field-email\" data-field-id=\"2\"><label class=\"wpforms-field-label\" for=\"wpforms-107-field_2\">Adres e-mail <span class=\"wpforms-required-label\">*<\/span><\/label><input type=\"email\" id=\"wpforms-107-field_2\" class=\"wpforms-field-medium wpforms-field-required\" name=\"wpforms[fields][2]\" required><\/div><div id=\"wpforms-107-field_4-container\" class=\"wpforms-field wpforms-field-checkbox\" data-field-id=\"4\"><label class=\"wpforms-field-label\" for=\"wpforms-107-field_4\">W kt\u00f3rych cz\u0119\u015bciach konferencji planuje Pan\/i uczestniczy\u0107 <span class=\"wpforms-required-label\">*<\/span><\/label><ul id=\"wpforms-107-field_4\" class=\"wpforms-field-required\"><li class=\"choice-1 depth-1\"><input type=\"checkbox\" id=\"wpforms-107-field_4_1\" name=\"wpforms[fields][4][]\" value=\"Sesja plenarna online - 29.11\" required ><label class=\"wpforms-field-label-inline\" for=\"wpforms-107-field_4_1\">Sesja plenarna online - 29.11<\/label><\/li><li class=\"choice-2 depth-1\"><input type=\"checkbox\" id=\"wpforms-107-field_4_2\" name=\"wpforms[fields][4][]\" value=\"Sesje warsztatowe na \u017cywo w BUW - 30.11\" required ><label class=\"wpforms-field-label-inline\" for=\"wpforms-107-field_4_2\">Sesje warsztatowe na \u017cywo w BUW - 30.11<\/label><\/li><\/ul><\/div><div id=\"wpforms-107-field_6-container\" class=\"wpforms-field wpforms-field-checkbox\" data-field-id=\"6\"><label class=\"wpforms-field-label\" for=\"wpforms-107-field_6\">Informacja o przetwarzaniu danych osobowych<\/label><ul id=\"wpforms-107-field_6\"><li class=\"choice-1 depth-1\"><input type=\"checkbox\" id=\"wpforms-107-field_6_1\" name=\"wpforms[fields][6][]\" value=\"Zapozna\u0142em\/am si\u0119 z informacj\u0105\"  ><label class=\"wpforms-field-label-inline\" for=\"wpforms-107-field_6_1\">Zapozna\u0142em\/am si\u0119 z informacj\u0105<\/label><\/li><\/ul><\/div><div id=\"wpforms-107-field_7-container\" class=\"wpforms-field wpforms-field-textarea\" data-field-id=\"7\"><label class=\"wpforms-field-label\" for=\"wpforms-107-field_7\">Pytania lub komentarze<\/label><textarea id=\"wpforms-107-field_7\" class=\"wpforms-field-medium\" name=\"wpforms[fields][7]\" ><\/textarea><\/div><\/div><div class=\"wpforms-submit-container\"><input type=\"hidden\" name=\"wpforms[id]\" value=\"107\"><input type=\"hidden\" name=\"wpforms[author]\" value=\"1\"><button type=\"submit\" name=\"wpforms[submit]\" id=\"wpforms-submit-107\" class=\"wpforms-submit\" data-alt-text=\"Trwa wysy\u0142anie\" data-submit-text=\"Wy\u015blij\" aria-live=\"assertive\" value=\"wpforms-submit\">Wy\u015blij<\/button><img src=\"https:\/\/www.uodi.stronazen.pl\/wp-content\/plugins\/wpforms-lite\/assets\/images\/submit-spin.svg\" class=\"wpforms-submit-spinner\" style=\"display: none;\" width=\"26\" height=\"26\" alt=\"\"><\/div><\/form><\/div>  <!-- .wpforms-container -->","protected":false},"excerpt":{"rendered":"<p>Konferencja odb\u0119dzie si\u0119 w dniach 29-30 listopada 2022 r. i b\u0119dzie mia\u0142a charakter hybrydowy. 29.11.2022 odb\u0119d\u0105 si\u0119 sesje plenarne online 30.11.2022 planowane s\u0105 sesje warsztatowe stacjonarnie w Bibliotece Uniwersytetu Warszawskiego<\/p>\n","protected":false},"author":1,"featured_media":0,"parent":0,"menu_order":0,"comment_status":"closed","ping_status":"closed","template":"","meta":[],"_links":{"self":[{"href":"https:\/\/www.uodi.stronazen.pl\/index.php\/wp-json\/wp\/v2\/pages\/49"}],"collection":[{"href":"https:\/\/www.uodi.stronazen.pl\/index.php\/wp-json\/wp\/v2\/pages"}],"about":[{"href":"https:\/\/www.uodi.stronazen.pl\/index.php\/wp-json\/wp\/v2\/types\/page"}],"author":[{"embeddable":true,"href":"https:\/\/www.uodi.stronazen.pl\/index.php\/wp-json\/wp\/v2\/users\/1"}],"replies":[{"embeddable":true,"href":"https:\/\/www.uodi.stronazen.pl\/index.php\/wp-json\/wp\/v2\/comments?post=49"}],"version-history":[{"count":2,"href":"https:\/\/www.uodi.stronazen.pl\/index.php\/wp-json\/wp\/v2\/pages\/49\/revisions"}],"predecessor-version":[{"id":111,"href":"https:\/\/www.uodi.stronazen.pl\/index.php\/wp-json\/wp\/v2\/pages\/49\/revisions\/111"}],"wp:attachment":[{"href":"https:\/\/www.uodi.stronazen.pl\/index.php\/wp-json\/wp\/v2\/media?parent=49"}],"curies":[{"name":"wp","href":"https:\/\/api.w.org\/{rel}","templated":true}]}}