{"id":51,"date":"2022-07-19T21:04:23","date_gmt":"2022-07-19T21:04:23","guid":{"rendered":"http:\/\/www.uodi.stronazen.pl\/?page_id=51"},"modified":"2022-07-19T21:04:23","modified_gmt":"2022-07-19T21:04:23","slug":"dokumenty-i-akty-prawne","status":"publish","type":"page","link":"https:\/\/www.uodi.stronazen.pl\/index.php\/dokumenty-i-akty-prawne\/","title":{"rendered":"Dokumenty i akty prawne"},"content":{"rendered":"\n<p>Tutaj znale\u017a\u0107 mo\u017cna informacje o najwa\u017cniejszych polskich i europejskich dokumentach programowych<\/p>\n","protected":false},"excerpt":{"rendered":"<p>Tutaj znale\u017a\u0107 mo\u017cna informacje o najwa\u017cniejszych polskich i europejskich dokumentach programowych<\/p>\n","protected":false},"author":1,"featured_media":0,"parent":0,"menu_order":0,"comment_status":"closed","ping_status":"closed","template":"","meta":[],"_links":{"self":[{"href":"https:\/\/www.uodi.stronazen.pl\/index.php\/wp-json\/wp\/v2\/pages\/51"}],"collection":[{"href":"https:\/\/www.uodi.stronazen.pl\/index.php\/wp-json\/wp\/v2\/pages"}],"about":[{"href":"https:\/\/www.uodi.stronazen.pl\/index.php\/wp-json\/wp\/v2\/types\/page"}],"author":[{"embeddable":true,"href":"https:\/\/www.uodi.stronazen.pl\/index.php\/wp-json\/wp\/v2\/users\/1"}],"replies":[{"embeddable":true,"href":"https:\/\/www.uodi.stronazen.pl\/index.php\/wp-json\/wp\/v2\/comments?post=51"}],"version-history":[{"count":1,"href":"https:\/\/www.uodi.stronazen.pl\/index.php\/wp-json\/wp\/v2\/pages\/51\/revisions"}],"predecessor-version":[{"id":52,"href":"https:\/\/www.uodi.stronazen.pl\/index.php\/wp-json\/wp\/v2\/pages\/51\/revisions\/52"}],"wp:attachment":[{"href":"https:\/\/www.uodi.stronazen.pl\/index.php\/wp-json\/wp\/v2\/media?parent=51"}],"curies":[{"name":"wp","href":"https:\/\/api.w.org\/{rel}","templated":true}]}}