{"id":67,"date":"2022-07-22T19:42:14","date_gmt":"2022-07-22T19:42:14","guid":{"rendered":"http:\/\/www.uodi.stronazen.pl\/?page_id=67"},"modified":"2022-07-27T21:29:06","modified_gmt":"2022-07-27T21:29:06","slug":"dokumenty-i-strategie-europejskie","status":"publish","type":"page","link":"https:\/\/www.uodi.stronazen.pl\/index.php\/dokumenty-i-strategie-europejskie\/","title":{"rendered":"Dokumenty i strategie europejskie"},"content":{"rendered":"\n<p>Poni\u017csza tabela zawiera zestawienie europejskich dokument\u00f3w i strategii opracowanych w ramach UODI<\/p>\n\n\n\n<div class=\"wp-block-wpdatatables-wpdatatables-gutenberg-block\"><h2>Deinstytucjonalizacja_EU<\/h2>\n<div class=\"wpdt-c\">\n    \n<input type=\"hidden\" id=\"wdtNonceFrontendEdit\" name=\"wdtNonceFrontendEdit\" value=\"efe51155b6\" \/><input type=\"hidden\" name=\"_wp_http_referer\" value=\"\/index.php\/wp-json\/wp\/v2\/pages\/67\" \/>    <input type=\"hidden\" id=\"table_1_desc\" value='{\"tableId\":\"table_1\",\"tableType\":\"xls\",\"selector\":\"#table_1\",\"responsive\":true,\"responsiveAction\":\"icon\",\"infoBlock\":true,\"pagination\":1,\"paginationAlign\":\"right\",\"paginationLayout\":\"simple\",\"globalSearch\":true,\"showRowsPerPage\":true,\"hideBeforeLoad\":true,\"number_format\":1,\"decimalPlaces\":2,\"spinnerSrc\":\"https:\\\/\\\/www.uodi.stronazen.pl\\\/wp-content\\\/plugins\\\/wpdatatables\\\/assets\\\/\\\/img\\\/spinner.gif\",\"groupingEnabled\":false,\"tableWpId\":\"2\",\"dataTableParams\":{\"sDom\":\"BT\\u003C\\u0027clear\\u0027\\u003Elftip\",\"bSortCellsTop\":false,\"bPaginate\":true,\"sPaginationType\":\"simple\",\"aLengthMenu\":[[1,5,10,25,50,100,-1],[1,5,10,25,50,100,\"Wszystkie\"]],\"iDisplayLength\":25,\"columnDefs\":[{\"sType\":\"string\",\"wdtType\":\"string\",\"bVisible\":true,\"orderable\":true,\"searchable\":true,\"InputType\":\"text\",\"name\":\"Lp\",\"origHeader\":\"Lp\",\"notNull\":false,\"conditionalFormattingRules\":[],\"className\":\" column-lp\",\"sWidth\":\"45\",\"aTargets\":[0]},{\"sType\":\"string\",\"wdtType\":\"string\",\"bVisible\":true,\"orderable\":true,\"searchable\":true,\"InputType\":\"text\",\"name\":\"Tytu\\u0142\",\"origHeader\":\"Tytu\\u0142\",\"notNull\":false,\"conditionalFormattingRules\":[],\"className\":\" column-tytu\",\"aTargets\":[1]},{\"sType\":\"string\",\"wdtType\":\"string\",\"bVisible\":true,\"orderable\":true,\"searchable\":true,\"InputType\":\"text\",\"name\":\"Autor\",\"origHeader\":\"Autor\",\"notNull\":false,\"conditionalFormattingRules\":[],\"className\":\" column-autor\",\"aTargets\":[2]},{\"sType\":\"formatted-num\",\"wdtType\":\"int\",\"bVisible\":true,\"orderable\":true,\"searchable\":true,\"InputType\":\"text\",\"name\":\"Data\",\"origHeader\":\"Data\",\"notNull\":false,\"conditionalFormattingRules\":[],\"className\":\"numdata integer  column-data\",\"sWidth\":\"60\",\"aTargets\":[3]},{\"sType\":\"string\",\"wdtType\":\"string\",\"bVisible\":true,\"orderable\":true,\"searchable\":true,\"InputType\":\"text\",\"name\":\"Opis\",\"origHeader\":\"Opis\",\"notNull\":false,\"conditionalFormattingRules\":[],\"className\":\" column-opis\",\"aTargets\":[4]},{\"sType\":\"string\",\"wdtType\":\"link\",\"bVisible\":true,\"orderable\":true,\"searchable\":true,\"InputType\":\"text\",\"name\":\"Link\",\"origHeader\":\"Link\",\"notNull\":false,\"conditionalFormattingRules\":[],\"className\":\" column-link\",\"aTargets\":[5]}],\"bAutoWidth\":false,\"order\":[[0,\"asc\"]],\"ordering\":true,\"buttons\":[{\"extend\":\"print\",\"exportOptions\":{\"columns\":\":visible\",\"stripHtml\":true},\"className\":\"DTTT_button DTTT_button_print\",\"text\":\"Drukuj\",\"title\":\"Deinstytucjonalizacja_EU\"},{\"extend\":\"excelHtml5\",\"exportOptions\":{\"columns\":\":visible\",\"stripHtml\":true},\"className\":\"DTTT_button DTTT_button_xls\",\"title\":\"Deinstytucjonalizacja_EU\",\"text\":\"Excel\"},{\"extend\":\"csvHtml5\",\"exportOptions\":{\"columns\":\":visible\",\"stripHtml\":true},\"className\":\"DTTT_button DTTT_button_csv\",\"title\":\"Deinstytucjonalizacja_EU\",\"text\":\"CSV\"},{\"extend\":\"copyHtml5\",\"exportOptions\":{\"columns\":\":visible\",\"stripHtml\":true},\"className\":\"DTTT_button DTTT_button_copy\",\"title\":\"Deinstytucjonalizacja_EU\",\"text\":\"Kopiuj\"}],\"oSearch\":{\"bSmart\":false,\"bRegex\":false,\"sSearch\":\"\"}},\"tabletWidth\":\"1024\",\"mobileWidth\":\"480\",\"columnsFixed\":0,\"timeFormat\":\"h:i A\",\"datepickFormat\":\"dd\\\/mm\\\/yy\"}'\/>\n\n    <table id=\"table_1\"\n           class=\"           responsive           display nowrap data-t wpDataTable wpDataTableID-2\"\n           style=\"display: none; \"\n           data-described-by='table_1_desc'\n           data-wpdatatable_id=\"2\">\n\n        <!-- Table header -->\n        \n<thead>\n<tr>\n                    <th\n        data-class=\"expand\"                class=\" wdtheader sort \"\n        style=\"\">Lp<\/th>        <th\n                        class=\" wdtheader sort \"\n        style=\"\">Tytu\u0142<\/th>        <th\n                        class=\" wdtheader sort \"\n        style=\"\">Autor<\/th>        <th\n                        class=\" wdtheader sort numdata integer \"\n        style=\"\">Data<\/th>        <th\n                        class=\" wdtheader sort \"\n        style=\"\">Opis<\/th>        <th\n                        class=\" wdtheader sort \"\n        style=\"\">Link<\/th>    <\/tr>\n<\/thead>\n        <!-- \/Table header -->\n\n        <!-- Table body -->\n        \n<tbody>\n        <tr id=\"table_2_row_0\">\n                    <td style=\"\">1.<\/td>\n                    <td style=\"\">Report of the Ad Hoc Expert Group on the Transition from Institutional to Community-based Care [pl.: Raport grupy ekspert\u00f3w ad hoc ds. przej\u015bcia od opieki instytucjonalnej do opieki \u015bwiadczonej na poziomie lokalnym]<\/td>\n                    <td style=\"\">Ad Hoc Expert Group on the Transition from Institutional to Community-based Care [Grupa ekspert\u00f3w ad hoc ds. przej\u015bcia od opieki instytucjonalnej do opieki \u015brodowiskowej]<\/td>\n                    <td style=\"\">2009<\/td>\n                    <td style=\"\">Raport opracowany przez Europejsk\u0105 Grup\u0119 Ekspert\u00f3w ds. Przej\u015bcia od opieki instytucjonalnej do opieki \u015bwiadczonej w lokalnej spo\u0142eczno\u015bci (EEG), 2009, dotyczy z\u0142o\u017conych kwestii reformy opieki instytucjonalnej. Analiza przedstawia uzasadnienie dla konieczno\u015bci dokonania zmian, a tak\u017ce \u2013 bazuj\u0105c na do\u015bwiadczeniach pa\u0144stw cz\u0142onkowskich, w kt\u00f3rych takie reformy zosta\u0142y ju\u017c przeprowadzone \u2013 przedstawia wskaz\u00f3wki, jak osi\u0105gn\u0105\u0107 wyznaczone cele (a czego unika\u0107). W sprawozdaniu przedstawiono analiz\u0119 kluczowych wyzwa\u0144, a nast\u0119pnie zestaw wsp\u00f3lnych podstawowych zasad i konkretnych zalece\u0144 dla pa\u0144stw cz\u0142onkowskich i Komisji Europejskiej. W szczeg\u00f3lno\u015bci zaleca si\u0119 wbudowanie zasad w odpowiednie polityki UE, w tym w kolejn\u0105 strategi\u0119 UE w sprawie niepe\u0142nosprawno\u015bci (od 2010 r.) w zakresie, w jakim dotyczy ona promowania prawa wszystkich os\u00f3b niepe\u0142nosprawnych do niezale\u017cnego \u017cycia i w\u0142\u0105czenia do spo\u0142eczno\u015bci.<\/td>\n                    <td style=\"\"><a href='https:\/\/ec.europa.eu\/social\/BlobServlet?docId=4017&langId=en ' rel='' target='_self'>https:\/\/ec.europa.eu\/social\/BlobServlet?docId=4017&langId=en <\/a><\/td>\n            <\/tr>\n            <tr id=\"table_2_row_1\">\n                    <td style=\"\">2a. <\/td>\n                    <td style=\"\">Common European Guidelines on the Transition from Institutional to Community-based Care<\/td>\n                    <td style=\"\">European Expert Group on the Transition from Institutional to Community-based Care<\/td>\n                    <td style=\"\">2012<\/td>\n                    <td style=\"\"><\/td>\n                    <td style=\"\"><a href='https:\/\/deinstitutionalisationdotcom.files.wordpress.com\/2017\/07\/guidelines-final-english.pdf' rel='' target='_self'>https:\/\/deinstitutionalisationdotcom.files.wordpress.com\/2017\/07\/guidelines-final-english.pdf<\/a><\/td>\n            <\/tr>\n            <tr id=\"table_2_row_2\">\n                    <td style=\"\">2b.<\/td>\n                    <td style=\"\">Og\u00f3lnoeuropejskie wytyczne dotycz\u0105ce przej\u015bcia od opieki instytucjonalnej do opieki \u015bwiadczonej na poziomie lokalnych spo\u0142eczno\u015bci <\/td>\n                    <td style=\"\">Europejska Grupa Ekspert\u00f3w ds. Przej\u015bcia od Opieki Instytucjonalnej do Opieki \u015bwiadczonej na poziomie Lokalnych Spo\u0142eczno\u015bci<\/td>\n                    <td style=\"\">2012<\/td>\n                    <td style=\"\">Opublikowane w 2012 roku Wsp\u00f3lne Europejskie Wytyczne dotycz\u0105ce przej\u015bcia od opieki instytucjonalnej do opieki \u015bwiadczonej na poziomie spo\u0142eczno\u015bci lokalnej (Wytyczne EEG) zawieraj\u0105 praktyczne wskaz\u00f3wki dotycz\u0105ce tego, jak dokona\u0107 trwa\u0142ego przej\u015bcia z modelu opieki instytucjonalnej do alternatywnych rozwi\u0105za\u0144 opartych na rodzinie i spo\u0142eczno\u015bci lokalnej dla os\u00f3b przebywaj\u0105cych w instytucjach oraz os\u00f3b \u017cyj\u0105cych w spo\u0142eczno\u015bci lokalnej bez odpowiedniego wsparcia. Wytyczne skierowane s\u0105 do decydent\u00f3w i polityk\u00f3w w krajach UE i krajach s\u0105siaduj\u0105cych, odpowiedzialnych za \u015bwiadczenie us\u0142ug opieki i wsparcia dla dzieci, os\u00f3b niepe\u0142nosprawnych i ich rodzin, os\u00f3b z problemami zdrowia psychicznego i os\u00f3b starszych.<\/td>\n                    <td style=\"\"><a href='https:\/\/deinstitutionalisationdotcom.files.wordpress.com\/2018\/04\/common-european-guidelines_polish-version.pdf' rel='' target='_self'>https:\/\/deinstitutionalisationdotcom.files.wordpress.com\/2018\/04\/common-european-guidelines_polish-version.pdf<\/a><\/td>\n            <\/tr>\n            <tr id=\"table_2_row_3\">\n                    <td style=\"\">3a.<\/td>\n                    <td style=\"\">Toolkit on the Use of European Union Funds for the Transition from Institutional to Community-based Care, revised edition<\/td>\n                    <td style=\"\">European Expert Group on the Transition from Institutional to Community-based Care<\/td>\n                    <td style=\"\">2014<\/td>\n                    <td style=\"\"><\/td>\n                    <td style=\"\"><a href='https:\/\/deinstitutionalisationdotcom.files.wordpress.com\/2017\/07\/toolkit-10-22-2014-update-web.pdf' rel='' target='_self'>https:\/\/deinstitutionalisationdotcom.files.wordpress.com\/2017\/07\/toolkit-10-22-2014-update-web.pdf<\/a><\/td>\n            <\/tr>\n            <tr id=\"table_2_row_4\">\n                    <td style=\"\">3b.<\/td>\n                    <td style=\"\">Wykorzystanie funduszy Unii Europejskiej w celu przej\u015bcia od opieki instytucjonalnej do opieki \u015bwiadczonej na poziomie lokalnych spo\u0142eczno\u015bci \u2013 Zestaw narz\u0119dzi<\/td>\n                    <td style=\"\">Europejska Grupa Ekspert\u00f3w ds. Przej\u015bcia od Opieki Instytucjonalnej do Opieki \u015bwiadczonej na poziomie Lokalnych Spo\u0142eczno\u015bci<\/td>\n                    <td style=\"\">2012<\/td>\n                    <td style=\"\">Dokument \u201eWykorzystanie funduszy Unii Europejskiej w celu przej\u015bcia od opieki instytucjonalnej do opieki \u015bwiadczonej na poziomie lokalnych spo\u0142eczno\u015bci \u2013 Zestaw narz\u0119dzi\u201d (wyd. zm. 2014) ma na celu wyja\u015bnienie, w jaki spos\u00f3b fundusze strukturalne i inwestycyjne mog\u0105 wspiera\u0107 w\u0142adze krajowe, regionalne i lokalne w projektowaniu i wdra\u017caniu reform strukturalnych maj\u0105cych na celu u\u0142atwienie rozwoju wysokiej jako\u015bci rodzinnych i \u015brodowiskowych alternatyw dla opieki instytucjonalnej.<\/td>\n                    <td style=\"\"><a href='https:\/\/deinstitutionalisationdotcom.files.wordpress.com\/2018\/04\/eeg-toolkit_polish.pdf' rel='' target='_self'>https:\/\/deinstitutionalisationdotcom.files.wordpress.com\/2018\/04\/eeg-toolkit_polish.pdf<\/a><\/td>\n            <\/tr>\n            <tr id=\"table_2_row_5\">\n                    <td style=\"\">4a.<\/td>\n                    <td style=\"\">Toolkit on the Use of European Union Funds for the Transition from Institutional to Community-based Care, revised edition - Annex 1: Use of European Union funds for the transition from institutional care to community-based services. Overview of the relevant provisions from the European Investment and Structural Funds Regulations 2014 \u2013 2020<\/td>\n                    <td style=\"\">Europejska Grupa Ekspert\u00f3w ds. Przej\u015bcia od Opieki Instytucjonalnej do Opieki \u015bwiadczonej na poziomie Lokalnych Spo\u0142eczno\u015bci<\/td>\n                    <td style=\"\">2014<\/td>\n                    <td style=\"\"><\/td>\n                    <td style=\"\"><a href='https:\/\/deinstitutionalisationdotcom.files.wordpress.com\/2015\/03\/annex-1-en-orig.pdf' rel='' target='_self'>https:\/\/deinstitutionalisationdotcom.files.wordpress.com\/2015\/03\/annex-1-en-orig.pdf<\/a><\/td>\n            <\/tr>\n            <tr id=\"table_2_row_6\">\n                    <td style=\"\">4b.<\/td>\n                    <td style=\"\">Wykorzystanie funduszy Unii Europejskiej w celu przej\u015bcia od opieki instytucjonalnej do opieki \u015bwiadczonej na poziomie lokalnych spo\u0142eczno\u015bci \u2013 Zestaw narz\u0119dzi - Za\u0142\u0105cznik 1: Wykorzystanie funduszy Unii Europejskiej na rzecz u\u0142atwienia przej\u015bcia z opieki instytucjonalnej na \u015bwiadczon\u0105 w spo\u0142eczno\u015bciach lokalnych. PRZEGL\u0104D ODPOWIEDNICH PRZEPIS\u00d3W ROZPORZ\u0104DZE\u0143 W SPRAWIE FUNDUSZY INWESTYCYJNYCH I STRUKTURALNYCH NA OKRES 2014 - 2020<\/td>\n                    <td style=\"\">Europejska Grupa Ekspert\u00f3w ds. Przej\u015bcia od Opieki Instytucjonalnej do Opieki \u015bwiadczonej na poziomie Lokalnych Spo\u0142eczno\u015bci<\/td>\n                    <td style=\"\">2014<\/td>\n                    <td style=\"\">W Za\u0142\u0105czniku 1 do Dokumentu \u201eWykorzystanie funduszy Unii Europejskiej w celu przej\u015bcia od opieki instytucjonalnej do opieki \u015bwiadczonej na poziomie lokalnych spo\u0142eczno\u015bci \u2013 Zestaw narz\u0119dzi\u201d przedstawiono szczeg\u00f3\u0142owy przegl\u0105d odpowiednich przepis\u00f3w rozporz\u0105dze\u0144 w sprawie europejskich funduszy inwestycyjnych i strukturalnych na lata 2014-2020.<\/td>\n                    <td style=\"\"><a href='https:\/\/deinstitutionalisationdotcom.files.wordpress.com\/2015\/03\/annex-1-pl.pdf' rel='' target='_self'>https:\/\/deinstitutionalisationdotcom.files.wordpress.com\/2015\/03\/annex-1-pl.pdf<\/a><\/td>\n            <\/tr>\n            <tr id=\"table_2_row_7\">\n                    <td style=\"\">5.<\/td>\n                    <td style=\"\">DRAFT THEMATIC GUIDANCE FICHE FOR DESK OFFICERS - TRANSITION FROM INSTITUTIONAL TO COMMUNITY-BASED CARE (DE-INSTITUTIONALISATION - DI). VERSION 2 \u2013 27\/01\/2014. RELEVANT PROVISIONS IN THE LEGISLATION. [Uwaga do wytycznych tematycznych dotycz\u0105cych przej\u015bcia od opieki instytucjonalnej do opieki lokalnej (deinstytucjonalizacji)]<\/td>\n                    <td style=\"\">Komisja Europejska<\/td>\n                    <td style=\"\">2014<\/td>\n                    <td style=\"\">Uwagi do wytycznych tematycznych dotycz\u0105cych przej\u015bcia od opieki instytucjonalnej do opieki lokalnej (deinstytucjonalizacji)<\/td>\n                    <td style=\"\"><a href='https:\/\/ec.europa.eu\/regional_policy\/sources\/docgener\/informat\/2014\/guidance_deinstitutionalistion.pdf' rel='' target='_self'>https:\/\/ec.europa.eu\/regional_policy\/sources\/docgener\/informat\/2014\/guidance_deinstitutionalistion.pdf<\/a><\/td>\n            <\/tr>\n            <tr id=\"table_2_row_8\">\n                    <td style=\"\">6.<\/td>\n                    <td style=\"\">Checklist to ensure EU-funded measures contribute to independent living by developing and ensuring access to family-based and community-based services (Lista kontrolna w celu zapewnienia, \u017ce \u015brodki finansowane przez UE przyczyniaj\u0105 si\u0119 do niezale\u017cnego \u017cycia poprzez rozw\u00f3j i zapewnienie dost\u0119pu do us\u0142ug opartych na rodzinie i spo\u0142eczno\u015bci lokalnej)<\/td>\n                    <td style=\"\">European Expert Group on the Transition from Institutional to Community-based Care<\/td>\n                    <td style=\"\">2019<\/td>\n                    <td style=\"\">-<\/td>\n                    <td style=\"\"><a href='- ' rel='' target='_self'>- <\/a><\/td>\n            <\/tr>\n            <tr id=\"table_2_row_9\">\n                    <td style=\"\">7.<\/td>\n                    <td style=\"\">Transition from Institutional Care to Community-Based Services in 27 EU Member States: Final report. Research report for the European Expert Group on Transition from Institutional to Community-based Care<\/td>\n                    <td style=\"\">\u0160i\u0161ka, Jan and Beadle-Brown, Julie<\/td>\n                    <td style=\"\">2020<\/td>\n                    <td style=\"\">Autorzy Raportu dokonuj\u0105 ewaluacji post\u0119p\u00f3w przez pa\u0144stwa cz\u0142onkowskie UE w zakresie przechodzenia od opieki i wsparcia instytucjonalnego do rodzinnego i \u015brodowiskowego, w 10-letniej perspektywie czasowej. Raport przedstawia szeroki obraz sytuacji, rozwi\u0105za\u0144 i trend\u00f3w w zakresie deinstytucjonalizacji oraz \u017cycia w spo\u0142eczno\u015bci lokalnej w UE dla os\u00f3b niepe\u0142nosprawnych, os\u00f3b z problemami zdrowia psychicznego, do\u015bwiadczaj\u0105cych bezdomno\u015bci, dzieci (w tym dzieci niepe\u0142nosprawnych i dzieci migrant\u00f3w bez opieki lub odseparowanych) oraz os\u00f3b starszych w 27 krajach UE. Raport uwzgl\u0119dnia negatywne aspekty instytucjonalizacji, kt\u00f3re s\u0105 szczeg\u00f3lnie widoczne w warunkach pandemii COVID-19 (zgromadzenie du\u017cej liczby os\u00f3b w jednym budynku i pozbawienie ich kontakt\u00f3w spo\u0142ecznych). Podaje si\u0119, \u017ce spos\u00f3b, w jaki kryzys ten wp\u0142ywa na osoby wymagaj\u0105ce codziennej opieki i ich systemy wsparcia, wynika ze strukturalnego niedoinwestowania w integracj\u0119 i dobrobyt wszystkich oraz w promowanie r\u00f3\u017cnych modeli wsparcia w spo\u0142eczno\u015bci.<\/td>\n                    <td style=\"\"><a href='https:\/\/deinstitutionalisationdotcom.files.wordpress.com\/2020\/05\/eeg-di-report-2020-1.pdf' rel='' target='_self'>https:\/\/deinstitutionalisationdotcom.files.wordpress.com\/2020\/05\/eeg-di-report-2020-1.pdf<\/a><\/td>\n            <\/tr>\n            <tr id=\"table_2_row_10\">\n                    <td style=\"\">8.<\/td>\n                    <td style=\"\">EU FUNDS CHECKLIST TO PROMOTE INDEPENDENT LIVING AND DEINSTITUTIONALISATION<\/td>\n                    <td style=\"\">European Expert Group on the Transition from Institutional to Community-based Care, Hope and Homes for Children<\/td>\n                    <td style=\"\">2021<\/td>\n                    <td style=\"\">\"Lista kontrolna UE\" (wersja zaktualizowana, 2021) dotyczy wykorzystania funduszy UE w okresie programowania 2021-2027. Ma na wzgl\u0119dzie przyczynienie si\u0119 do optymalnego wykorzystania \u015brodk\u00f3w w celu wspierania \u017cycia niezale\u017cnego i w\u0142\u0105czania do spo\u0142eczno\u015bci. Dokument kierowany jest do urz\u0119dnik\u00f3w w zakresie sprawdzania zbie\u017cno\u015bci podejmowanych dzia\u0142a\u0144 z ramami prawnymi i politycznymi w nast\u0119puj\u0105cych obszarach: 1' Przej\u015bcie od us\u0142ug instytucjonalnych do rodzinnych i \u015brodowiskowych dla dzieci, os\u00f3b niepe\u0142nosprawnych, os\u00f3b z problemami psychicznymi i os\u00f3b starszych; 2' Rozw\u00f3j wysokiej jako\u015bci us\u0142ug rodzinnych i \u015brodowiskowych; 3' Zapobieganie oddzielaniu dzieci, w tym niepe\u0142nosprawnych, od ich rodzin, 4' Zapobieganie segregacji i instytucjonalizacji dzieci, os\u00f3b niepe\u0142nosprawnych, os\u00f3b z zaburzeniami psychicznymi, os\u00f3b starszych i bezdomnych, niezale\u017cnie od statusu zamieszkania.<\/td>\n                    <td style=\"\"><a href='https:\/\/deinstitutionalisationdotcom.files.wordpress.com\/2021\/07\/updated-checklist-new-eeg-logo.pdf' rel='' target='_self'>https:\/\/deinstitutionalisationdotcom.files.wordpress.com\/2021\/07\/updated-checklist-new-eeg-logo.pdf<\/a><\/td>\n            <\/tr>\n    <\/tbody>        <!-- \/Table body -->\n\n        \n    <\/table>\n\n<\/div>\n\n<span class=\"powered_by_link d-block m-l-10 m-t-10 m-b-10\">Generated by <a href=\"https:\/\/wpdatatables.com\" target=\"_blank\">wpDataTables<\/a><\/span><style>\ntable.wpDataTable { table-layout: fixed !important; }\ntable.wpDataTable td, table.wpDataTable th { white-space: normal !important; }\ntable.wpDataTable td.numdata { text-align: right !important; }\n<\/style>\n<\/div>\n","protected":false},"excerpt":{"rendered":"<p>Poni\u017csza tabela zawiera zestawienie europejskich dokument\u00f3w i strategii opracowanych w ramach UODI<\/p>\n","protected":false},"author":1,"featured_media":0,"parent":0,"menu_order":0,"comment_status":"closed","ping_status":"closed","template":"","meta":[],"_links":{"self":[{"href":"https:\/\/www.uodi.stronazen.pl\/index.php\/wp-json\/wp\/v2\/pages\/67"}],"collection":[{"href":"https:\/\/www.uodi.stronazen.pl\/index.php\/wp-json\/wp\/v2\/pages"}],"about":[{"href":"https:\/\/www.uodi.stronazen.pl\/index.php\/wp-json\/wp\/v2\/types\/page"}],"author":[{"embeddable":true,"href":"https:\/\/www.uodi.stronazen.pl\/index.php\/wp-json\/wp\/v2\/users\/1"}],"replies":[{"embeddable":true,"href":"https:\/\/www.uodi.stronazen.pl\/index.php\/wp-json\/wp\/v2\/comments?post=67"}],"version-history":[{"count":2,"href":"https:\/\/www.uodi.stronazen.pl\/index.php\/wp-json\/wp\/v2\/pages\/67\/revisions"}],"predecessor-version":[{"id":100,"href":"https:\/\/www.uodi.stronazen.pl\/index.php\/wp-json\/wp\/v2\/pages\/67\/revisions\/100"}],"wp:attachment":[{"href":"https:\/\/www.uodi.stronazen.pl\/index.php\/wp-json\/wp\/v2\/media?parent=67"}],"curies":[{"name":"wp","href":"https:\/\/api.w.org\/{rel}","templated":true}]}}