{"id":69,"date":"2022-07-22T19:44:03","date_gmt":"2022-07-22T19:44:03","guid":{"rendered":"http:\/\/www.uodi.stronazen.pl\/?page_id=69"},"modified":"2022-07-26T20:36:25","modified_gmt":"2022-07-26T20:36:25","slug":"dokumenty-i-strategie-krajowe","status":"publish","type":"page","link":"https:\/\/www.uodi.stronazen.pl\/index.php\/dokumenty-i-strategie-krajowe\/","title":{"rendered":"Dokumenty i strategie krajowe"},"content":{"rendered":"\n<p>Poni\u017cej znajduj\u0105 si\u0119 najwa\u017cniejsze krajowe dokumenty programowe i strategiczne zwi\u0105zane za procesami deinstytucjonalizacji<\/p>\n\n\n\n<p><strong>Dokumenty strategiczne:<\/strong><\/p>\n\n\n\n<p><a href=\"https:\/\/www.gov.pl\/attachment\/e956b17f-b179-408a-9d0a-c6a04b092645\" data-type=\"URL\" data-id=\"https:\/\/www.gov.pl\/attachment\/e956b17f-b179-408a-9d0a-c6a04b092645\">&#8222;Strategia rozwoju us\u0142ug spo\u0142ecznych. Polityka publiczna do roku 2030 (z perspektyw\u0105 do 2035 r.)&#8221;<\/a><\/p>\n","protected":false},"excerpt":{"rendered":"<p>Poni\u017cej znajduj\u0105 si\u0119 najwa\u017cniejsze krajowe dokumenty programowe i strategiczne zwi\u0105zane za procesami deinstytucjonalizacji Dokumenty strategiczne: &#8222;Strategia rozwoju us\u0142ug spo\u0142ecznych. Polityka publiczna do roku 2030 (z perspektyw\u0105 do 2035 r.)&#8221;<\/p>\n","protected":false},"author":1,"featured_media":0,"parent":0,"menu_order":0,"comment_status":"closed","ping_status":"closed","template":"","meta":[],"_links":{"self":[{"href":"https:\/\/www.uodi.stronazen.pl\/index.php\/wp-json\/wp\/v2\/pages\/69"}],"collection":[{"href":"https:\/\/www.uodi.stronazen.pl\/index.php\/wp-json\/wp\/v2\/pages"}],"about":[{"href":"https:\/\/www.uodi.stronazen.pl\/index.php\/wp-json\/wp\/v2\/types\/page"}],"author":[{"embeddable":true,"href":"https:\/\/www.uodi.stronazen.pl\/index.php\/wp-json\/wp\/v2\/users\/1"}],"replies":[{"embeddable":true,"href":"https:\/\/www.uodi.stronazen.pl\/index.php\/wp-json\/wp\/v2\/comments?post=69"}],"version-history":[{"count":2,"href":"https:\/\/www.uodi.stronazen.pl\/index.php\/wp-json\/wp\/v2\/pages\/69\/revisions"}],"predecessor-version":[{"id":84,"href":"https:\/\/www.uodi.stronazen.pl\/index.php\/wp-json\/wp\/v2\/pages\/69\/revisions\/84"}],"wp:attachment":[{"href":"https:\/\/www.uodi.stronazen.pl\/index.php\/wp-json\/wp\/v2\/media?parent=69"}],"curies":[{"name":"wp","href":"https:\/\/api.w.org\/{rel}","templated":true}]}}